{"id":44,"date":"2024-02-02T12:03:21","date_gmt":"2024-02-02T11:03:21","guid":{"rendered":"https:\/\/tikraduona.lt\/?page_id=44"},"modified":"2024-04-28T19:50:18","modified_gmt":"2024-04-28T17:50:18","slug":"kontaktai-uzsakymai","status":"publish","type":"page","link":"https:\/\/tikraduona.lt\/?page_id=44","title":{"rendered":"Kontaktai \/ U\u017esakymai"},"content":{"rendered":"\n<h2 class=\"wp-block-heading\">Kontaktai \/ U\u017esakymai<\/h2>\n\n\n\n<p><\/p>\n\n\n\n<p>U\u017esakymus priimame iki kiekvieno tre\u010diadienio 12 val. Kepame ketvirtadien\u012f tik jums!Pra\u0161ome u\u017esakant para\u0161yti kokios duonos, kokio svorio ir kiek vienet\u0173 nor\u0117site. Taip pat nurodyti savo vard\u0105 ir telefono numer\u012f.<\/p>\n\n\n\n<ul class=\"wp-block-list\">\n<li>U\u017esakyti galite sms ar telefonu : 8 622 39063<\/li>\n\n\n\n<li>el.pa\u0161tu : tikraduonatau@gmail.com<\/li>\n\n\n\n<li><a href=\"https:\/\/www.facebook.com\/profile.php?id=61556227683189\">Facebook platformoje<\/a> <\/li>\n<\/ul>\n\n\n\n<p>!D\u0117mesio, esame arti gamtos ir sava dvasia, tad nenaudojame savo telefono ir kompiuterio kasdien, nei\u0161sig\u0105skite, jei neatra\u0161ome tuoj pat. B\u016btinai atrsa\u0161ysime ir susisieksime!<\/p>\n\n\n\n<p><\/p>\n","protected":false},"excerpt":{"rendered":"<p>Kontaktai \/ U\u017esakymai U\u017esakymus priimame iki kiekvieno tre\u010diadienio 12 val. Kepame ketvirtadien\u012f tik jums!Pra\u0161ome u\u017esakant para\u0161yti kokios duonos, kokio svorio ir kiek vienet\u0173 nor\u0117site. Taip pat nurodyti savo vard\u0105 ir telefono numer\u012f. !D\u0117mesio, esame arti gamtos ir sava dvasia, tad nenaudojame savo telefono ir kompiuterio kasdien, nei\u0161sig\u0105skite, jei neatra\u0161ome tuoj pat. B\u016btinai atrsa\u0161ysime ir susisieksime!<\/p>\n","protected":false},"author":1,"featured_media":0,"parent":0,"menu_order":0,"comment_status":"closed","ping_status":"closed","template":"","meta":{"footnotes":""},"class_list":["post-44","page","type-page","status-publish","hentry"],"_links":{"self":[{"href":"https:\/\/tikraduona.lt\/index.php?rest_route=\/wp\/v2\/pages\/44","targetHints":{"allow":["GET"]}}],"collection":[{"href":"https:\/\/tikraduona.lt\/index.php?rest_route=\/wp\/v2\/pages"}],"about":[{"href":"https:\/\/tikraduona.lt\/index.php?rest_route=\/wp\/v2\/types\/page"}],"author":[{"embeddable":true,"href":"https:\/\/tikraduona.lt\/index.php?rest_route=\/wp\/v2\/users\/1"}],"replies":[{"embeddable":true,"href":"https:\/\/tikraduona.lt\/index.php?rest_route=%2Fwp%2Fv2%2Fcomments&post=44"}],"version-history":[{"count":8,"href":"https:\/\/tikraduona.lt\/index.php?rest_route=\/wp\/v2\/pages\/44\/revisions"}],"predecessor-version":[{"id":224,"href":"https:\/\/tikraduona.lt\/index.php?rest_route=\/wp\/v2\/pages\/44\/revisions\/224"}],"wp:attachment":[{"href":"https:\/\/tikraduona.lt\/index.php?rest_route=%2Fwp%2Fv2%2Fmedia&parent=44"}],"curies":[{"name":"wp","href":"https:\/\/api.w.org\/{rel}","templated":true}]}}