{"id":337,"date":"2025-05-05T08:07:26","date_gmt":"2025-05-05T06:07:26","guid":{"rendered":"https:\/\/tikraduona.lt\/?page_id=337"},"modified":"2025-11-17T19:48:18","modified_gmt":"2025-11-17T18:48:18","slug":"pabarstukas","status":"publish","type":"page","link":"https:\/\/tikraduona.lt\/?page_id=337","title":{"rendered":"Pabarstukai"},"content":{"rendered":"\n<div class=\"wp-block-group alignfull has-accent-5-background-color has-background has-global-padding is-layout-constrained wp-container-core-group-is-layout-d89aad35 wp-block-group-is-layout-constrained\" style=\"margin-top:0;margin-bottom:0;padding-top:var(--wp--preset--spacing--50);padding-right:var(--wp--preset--spacing--50);padding-bottom:var(--wp--preset--spacing--50);padding-left:var(--wp--preset--spacing--50)\">\n<div class=\"wp-block-columns alignwide is-layout-flex wp-container-core-columns-is-layout-1da03c2a wp-block-columns-is-layout-flex\">\n<div class=\"wp-block-column is-vertically-aligned-center is-layout-flow wp-block-column-is-layout-flow\" style=\"flex-basis:60%\">\n<figure class=\"wp-block-image size-full is-style-rounded wp-duotone-unset-2 is-style-rounded--1\"><img loading=\"lazy\" decoding=\"async\" width=\"1536\" height=\"2048\" src=\"http:\/\/tikraduona.lt\/wp-content\/uploads\/2025\/05\/432be137-f786-49e2-9692-e1050a4b984e.jpg\" alt=\"\" class=\"wp-image-339\" style=\"aspect-ratio:4\/3;object-fit:cover\" srcset=\"https:\/\/tikraduona.lt\/wp-content\/uploads\/2025\/05\/432be137-f786-49e2-9692-e1050a4b984e.jpg 1536w, https:\/\/tikraduona.lt\/wp-content\/uploads\/2025\/05\/432be137-f786-49e2-9692-e1050a4b984e-225x300.jpg 225w, https:\/\/tikraduona.lt\/wp-content\/uploads\/2025\/05\/432be137-f786-49e2-9692-e1050a4b984e-768x1024.jpg 768w, https:\/\/tikraduona.lt\/wp-content\/uploads\/2025\/05\/432be137-f786-49e2-9692-e1050a4b984e-1152x1536.jpg 1152w\" sizes=\"auto, (max-width: 1536px) 100vw, 1536px\" \/><\/figure>\n<\/div>\n\n\n\n<div class=\"wp-block-column is-layout-flow wp-block-column-is-layout-flow\" style=\"flex-basis:40%\">\n<h2 class=\"wp-block-heading\">Pabarstukas &#8211; Gomashio<\/h2>\n\n\n\n<p>Japoni\u0161kas receptas su paprastais ingredientais: <strong>sezamo s\u0117klos<\/strong> ir <strong>druska<\/strong>. <\/p>\n\n\n\n<p><strong>Sezamo s\u0117klose<\/strong> gausu kalcio ir fosforo, tai tikras antioksidantas. <strong>Nat\u016brali druska<\/strong> i\u0161 Pranc\u016bzijos turi jodo. Gomashio ir sveika, ir skanu. Puikiai tink pabarstyti salotas, omletus, u\u017etep\u0117les.<\/p>\n\n\n\n<p>Sudedamosios dalys: krosnyje skrudintos ekologi\u0161kos sezamo s\u0117klos, pranc\u016bzi\u0161ka rankomis rinkta j\u016bros druska i\u0161 Batz-sur-Mer.<\/p>\n\n\n\n<p>Si\u016blome 100 g.<\/p>\n<\/div>\n<\/div>\n<\/div>\n\n\n\n<div class=\"wp-block-group alignfull has-global-padding is-layout-constrained wp-container-core-group-is-layout-d89aad35 wp-block-group-is-layout-constrained\" style=\"margin-top:0;margin-bottom:0;padding-top:var(--wp--preset--spacing--50);padding-right:var(--wp--preset--spacing--50);padding-bottom:var(--wp--preset--spacing--50);padding-left:var(--wp--preset--spacing--50)\">\n<div class=\"wp-block-columns alignwide are-vertically-aligned-center is-layout-flex wp-container-core-columns-is-layout-47c06fe3 wp-block-columns-is-layout-flex\">\n<div class=\"wp-block-column is-vertically-aligned-center is-layout-flow wp-block-column-is-layout-flow\" style=\"flex-basis:50%\">\n<h2 class=\"wp-block-heading\">Pabarstukas- Omegashio<\/h2>\n\n\n\n<p>Japoni\u0161kas receptas su paprastais ingredientais: <strong>sezamo s\u0117klos<\/strong>, <strong>lin\u0173 s\u0117men\u0173 s\u0117klos<\/strong> ir <strong>druska<\/strong>. <\/p>\n\n\n\n<p><strong>Sezamo s\u0117klose <\/strong>gausu kalcio ir fosforo, tai tikras antioksidantas, lin\u0173 s\u0117men\u0173 s\u0117klose daug <strong> <\/strong>vario, magnio, seleno, taip pat B grup\u0117s vitamin\u0173. <strong>Nat\u016brali druska <\/strong>i\u0161 Pranc\u016bzijos turi jodo. Omegashio labai gardus ir sveikas pabarstukas. Puikiai tink pabarstyti salotas, omletus, duon\u0105 su sviestu, ko\u0161es.<\/p>\n\n\n\n<p><\/p>\n\n\n\n<p>Sudedamosios dalys: krosnyje skrudintos ekologi\u0161kos sezamo s\u0117klos, ekologi\u0161kos lin\u0173 s\u0117men\u0173 s\u0117klos, pranc\u016bzi\u0161ka rankomis rinkta j\u016bros druska i\u0161 Batz-sur-Mer<\/p>\n\n\n\n<p>Si\u016blome 100 g.<\/p>\n<\/div>\n\n\n\n<div class=\"wp-block-column is-vertically-aligned-center is-layout-flow wp-block-column-is-layout-flow\" style=\"flex-basis:50%\">\n<figure class=\"wp-block-image size-full is-style-rounded is-style-rounded--3\"><img loading=\"lazy\" decoding=\"async\" width=\"2560\" height=\"1865\" src=\"http:\/\/tikraduona.lt\/wp-content\/uploads\/2025\/06\/2D4A1000-1-scaled.jpg\" alt=\"\" class=\"wp-image-378\" style=\"aspect-ratio:4\/3;object-fit:cover\" srcset=\"https:\/\/tikraduona.lt\/wp-content\/uploads\/2025\/06\/2D4A1000-1-scaled.jpg 2560w, https:\/\/tikraduona.lt\/wp-content\/uploads\/2025\/06\/2D4A1000-1-300x219.jpg 300w, https:\/\/tikraduona.lt\/wp-content\/uploads\/2025\/06\/2D4A1000-1-1024x746.jpg 1024w, https:\/\/tikraduona.lt\/wp-content\/uploads\/2025\/06\/2D4A1000-1-768x559.jpg 768w, https:\/\/tikraduona.lt\/wp-content\/uploads\/2025\/06\/2D4A1000-1-1536x1119.jpg 1536w, https:\/\/tikraduona.lt\/wp-content\/uploads\/2025\/06\/2D4A1000-1-2048x1492.jpg 2048w\" sizes=\"auto, (max-width: 2560px) 100vw, 2560px\" \/><\/figure>\n<\/div>\n<\/div>\n<\/div>\n\n\n\n<div class=\"wp-block-group alignfull has-accent-5-background-color has-background has-global-padding is-layout-constrained wp-container-core-group-is-layout-d89aad35 wp-block-group-is-layout-constrained\" style=\"margin-top:0;margin-bottom:0;padding-top:var(--wp--preset--spacing--50);padding-right:var(--wp--preset--spacing--50);padding-bottom:var(--wp--preset--spacing--50);padding-left:var(--wp--preset--spacing--50)\">\n<div class=\"wp-block-columns alignwide is-layout-flex wp-container-core-columns-is-layout-1da03c2a wp-block-columns-is-layout-flex\">\n<div class=\"wp-block-column is-vertically-aligned-center is-layout-flow wp-block-column-is-layout-flow\" style=\"flex-basis:60%\">\n<figure class=\"wp-block-image size-full is-style-rounded wp-duotone-unset-5 is-style-rounded--4\"><img loading=\"lazy\" decoding=\"async\" width=\"2382\" height=\"1586\" src=\"http:\/\/tikraduona.lt\/wp-content\/uploads\/2025\/06\/2D4A0964.jpg\" alt=\"\" class=\"wp-image-377\" style=\"aspect-ratio:4\/3;object-fit:cover\" srcset=\"https:\/\/tikraduona.lt\/wp-content\/uploads\/2025\/06\/2D4A0964.jpg 2382w, https:\/\/tikraduona.lt\/wp-content\/uploads\/2025\/06\/2D4A0964-300x200.jpg 300w, https:\/\/tikraduona.lt\/wp-content\/uploads\/2025\/06\/2D4A0964-1024x682.jpg 1024w, https:\/\/tikraduona.lt\/wp-content\/uploads\/2025\/06\/2D4A0964-768x511.jpg 768w, https:\/\/tikraduona.lt\/wp-content\/uploads\/2025\/06\/2D4A0964-1536x1023.jpg 1536w, https:\/\/tikraduona.lt\/wp-content\/uploads\/2025\/06\/2D4A0964-2048x1364.jpg 2048w\" sizes=\"auto, (max-width: 2382px) 100vw, 2382px\" \/><\/figure>\n<\/div>\n\n\n\n<div class=\"wp-block-column is-layout-flow wp-block-column-is-layout-flow\" style=\"flex-basis:40%\">\n<h2 class=\"wp-block-heading\">Pabarstukas &#8211; Dilgeleshio<\/h2>\n\n\n\n<p>Japoni\u0161kas receptas su paprastais ingredientais: <strong>sezamo s\u0117klos<\/strong>, <strong>d\u017eiovintos dilg\u0117l\u0117s<\/strong> ir <strong>druska<\/strong>. Puikiai tinka pabarstyti salotas, omletus, u\u017etep\u0117les.<\/p>\n\n\n\n<p><strong>Dilg\u0117l\u0117s <\/strong>kelia hemoglobin\u0105, mal\u0161ina s\u0105nari\u0173 bei raumen\u0173 skausmus, normalizuoja kraujo sud\u0117t\u012f, ma\u017eina cholesterol\u012f ir apsaugo organzim\u0105 nuo u\u017edegim\u0173.<strong>Sezamo s\u0117klose<\/strong> gausu kalcio ir fosforo, tai tikras antioksidantas.<strong>Nat\u016brali druska <\/strong>i\u0161 Pranc\u016bzijos turi jodo. <\/p>\n\n\n\n<p>Patys renkame dilgeles atokiame, \u0161variame mi\u0161ke.<\/p>\n\n\n\n<p>Sudedamosios dalys: krosnyje skrudintos ekologi\u0161kos sezamo s\u0117klos, d\u017eiovintos dilg\u0117l\u0117s, pranc\u016bzi\u0161ka rankomis rinkta j\u016bros druska i\u0161 Batz-sur-Mer.<\/p>\n\n\n\n<p>Si\u016blome 100 g.<\/p>\n<\/div>\n<\/div>\n<\/div>\n\n\n\n<div class=\"wp-block-group alignfull has-global-padding is-layout-constrained wp-container-core-group-is-layout-d89aad35 wp-block-group-is-layout-constrained\" style=\"margin-top:0;margin-bottom:0;padding-top:var(--wp--preset--spacing--50);padding-right:var(--wp--preset--spacing--50);padding-bottom:var(--wp--preset--spacing--50);padding-left:var(--wp--preset--spacing--50)\">\n<div class=\"wp-block-columns alignwide are-vertically-aligned-center is-layout-flex wp-container-core-columns-is-layout-47c06fe3 wp-block-columns-is-layout-flex\">\n<div class=\"wp-block-column is-vertically-aligned-center is-layout-flow wp-block-column-is-layout-flow\" style=\"flex-basis:50%\">\n<h2 class=\"wp-block-heading\">Pabarstukas- \u010cesnakashio<\/h2>\n\n\n\n<p>Lietuvi\u0161kas receptas su paprastais ingredientais: <br><strong>\u010desnakai<\/strong>, <strong>kanapi\u0173 s\u0117klos<\/strong> ir <strong>druska<\/strong>.<\/p>\n\n\n\n<p><strong>\u010cesnakai<\/strong> stiprina imunitet\u0105, padeda reguliuoti cholesterolio kiek\u012f kraujyje, gerina \u0161irdies veikl\u0105, apsaugo nuo per\u0161alimo. <strong>Nat\u016brali druska <\/strong>i\u0161 Pranc\u016bzijos turi jodo. <strong>Kanapi\u0173 s\u0117klos<\/strong>&nbsp;pasi\u017eymi &nbsp;vitamin\u0173&nbsp; A, E, D, B1, B3, B6 ir mikroelement\u0173 gausa. \u010cesnakashio yra stipraus skonio &#8211; puikiai tinka barstyti \u012f tro\u0161kinius, skaninti salotas, m\u0117s\u0105, \u017euv\u012f.<\/p>\n\n\n\n<p><\/p>\n\n\n\n<p>Sudedamosios dalys: krosnyje skrudinti ekologi\u0161ki m\u016bs\u0173 dar\u017eo \u010desnakai, ekologi\u0161kos kanapi\u0173 s\u0117klos, pranc\u016bzi\u0161ka rankomis rinkta j\u016bros druska i\u0161 Batz-sur-Mer.<\/p>\n\n\n\n<p>Si\u016blome 150 g.<\/p>\n<\/div>\n\n\n\n<div class=\"wp-block-column is-vertically-aligned-center is-layout-flow wp-block-column-is-layout-flow\" style=\"flex-basis:50%\">\n<figure class=\"wp-block-image size-full is-style-rounded is-style-rounded--6\"><img loading=\"lazy\" decoding=\"async\" width=\"2048\" height=\"1374\" src=\"https:\/\/tikraduona.lt\/wp-content\/uploads\/2025\/11\/TA0XCzQg.jpg\" alt=\"\" class=\"wp-image-417\" style=\"aspect-ratio:4\/3;object-fit:cover\" srcset=\"https:\/\/tikraduona.lt\/wp-content\/uploads\/2025\/11\/TA0XCzQg.jpg 2048w, https:\/\/tikraduona.lt\/wp-content\/uploads\/2025\/11\/TA0XCzQg-300x201.jpg 300w, https:\/\/tikraduona.lt\/wp-content\/uploads\/2025\/11\/TA0XCzQg-1024x687.jpg 1024w, https:\/\/tikraduona.lt\/wp-content\/uploads\/2025\/11\/TA0XCzQg-768x515.jpg 768w, https:\/\/tikraduona.lt\/wp-content\/uploads\/2025\/11\/TA0XCzQg-1536x1031.jpg 1536w\" sizes=\"auto, (max-width: 2048px) 100vw, 2048px\" \/><\/figure>\n<\/div>\n<\/div>\n<\/div>\n","protected":false},"excerpt":{"rendered":"<p>Pabarstukas &#8211; Gomashio Japoni\u0161kas receptas su paprastais ingredientais: sezamo s\u0117klos ir druska. Sezamo s\u0117klose gausu kalcio ir fosforo, tai tikras antioksidantas. Nat\u016brali druska i\u0161 Pranc\u016bzijos turi jodo. Gomashio ir sveika, ir skanu. Puikiai tink pabarstyti salotas, omletus, u\u017etep\u0117les. Sudedamosios dalys: krosnyje skrudintos ekologi\u0161kos sezamo s\u0117klos, pranc\u016bzi\u0161ka rankomis rinkta j\u016bros druska i\u0161 Batz-sur-Mer. Si\u016blome 100 g. [&hellip;]<\/p>\n","protected":false},"author":1,"featured_media":0,"parent":0,"menu_order":0,"comment_status":"closed","ping_status":"closed","template":"","meta":{"footnotes":""},"class_list":["post-337","page","type-page","status-publish","hentry"],"_links":{"self":[{"href":"https:\/\/tikraduona.lt\/index.php?rest_route=\/wp\/v2\/pages\/337","targetHints":{"allow":["GET"]}}],"collection":[{"href":"https:\/\/tikraduona.lt\/index.php?rest_route=\/wp\/v2\/pages"}],"about":[{"href":"https:\/\/tikraduona.lt\/index.php?rest_route=\/wp\/v2\/types\/page"}],"author":[{"embeddable":true,"href":"https:\/\/tikraduona.lt\/index.php?rest_route=\/wp\/v2\/users\/1"}],"replies":[{"embeddable":true,"href":"https:\/\/tikraduona.lt\/index.php?rest_route=%2Fwp%2Fv2%2Fcomments&post=337"}],"version-history":[{"count":23,"href":"https:\/\/tikraduona.lt\/index.php?rest_route=\/wp\/v2\/pages\/337\/revisions"}],"predecessor-version":[{"id":419,"href":"https:\/\/tikraduona.lt\/index.php?rest_route=\/wp\/v2\/pages\/337\/revisions\/419"}],"wp:attachment":[{"href":"https:\/\/tikraduona.lt\/index.php?rest_route=%2Fwp%2Fv2%2Fmedia&parent=337"}],"curies":[{"name":"wp","href":"https:\/\/api.w.org\/{rel}","templated":true}]}}