{"id":27,"date":"2024-02-02T11:53:32","date_gmt":"2024-02-02T10:53:32","guid":{"rendered":"https:\/\/tikraduona.lt\/?page_id=27"},"modified":"2026-04-06T20:37:42","modified_gmt":"2026-04-06T18:37:42","slug":"kainos","status":"publish","type":"page","link":"https:\/\/tikraduona.lt\/?page_id=27","title":{"rendered":"Kainos ir atsiskaitymas"},"content":{"rendered":"\n<h2 class=\"wp-block-heading\">Kainos<\/h2>\n\n\n\n<p>M\u016bs\u0173 kainos :<\/p>\n\n\n\n<ul class=\"wp-block-list\">\n<li>Rugin\u0117 duona, 1 kg                        : 5 \u20ac<\/li>\n\n\n\n<li>Rugin\u0117 duona, 500 g                     : 3 \u20ac<\/li>\n\n\n\n<li>Rugin\u0117 duona su kanap\u0117mis, 900 g : 5 \u20ac<\/li>\n\n\n\n<li>Rugin\u0117 duona su kanap\u0117mis, 450 g : 3 \u20ac<\/li>\n\n\n\n<li>Rugin\u0117 duona su kmynais ir kalendra, 800 g : 5 \u20ac<\/li>\n\n\n\n<li>Kvietin\u0117 duona su s\u0117klomis, 800 g    : 5 \u20ac<\/li>\n\n\n\n<li>Kvietin\u0117 duona su s\u0117klomis (kop\u016bstinuk\u0117), 400 g : 3 \u20ac<\/li>\n\n\n\n<li>Pusiau rugin\u0117 duona, 1 kg               : 5 \u20ac<\/li>\n\n\n\n<li>Pusiau rugin\u0117 duona, 500 g            : 3 \u20ac<\/li>\n\n\n\n<li>Ry\u017ei\u0173 duona, 800 g                        : 7 \u20ac<\/li>\n\n\n\n<li>Ry\u017ei\u0173 duona, 400 g                        : 4 \u20ac<\/li>\n\n\n\n<li>Rie\u0161ut\u0173 duona, 400 g : 5 \u20ac<\/li>\n\n\n\n<li>Griki\u0173 duona su s\u0117klomis (be glitimo), 1 kg : 8 \u20ac<\/li>\n\n\n\n<li>Griki\u0173 duona su s\u0117klomis (be glitimo), 500 g : 4 \u20ac<\/li>\n\n\n\n<li>Baget\u0117, 250 g                                : 2 \u20ac <\/li>\n\n\n\n<li>Granola, 250 g : 5 \u20ac <\/li>\n\n\n\n<li>Sausain\u0117liai citrinukai, 200 g : 5 \u20ac<\/li>\n\n\n\n<li>Sausain\u0117liai kakaviniai, 200 g : 5 \u20ac<\/li>\n\n\n\n<li>Sausain\u0117liai avi\u017einukai, 250 g : 5 \u20ac<\/li>\n\n\n\n<li>Sausain\u0117liai &#8211; A\u0161men\u0117l\u0117s ro\u017e\u0117, 150 g : 6 \u20ac<\/li>\n\n\n\n<li>Brio\u0161as, 300 g : 5 \u20ac<\/li>\n\n\n\n<li>Brio\u0161as su razinomis, 300 g : 6 \u20ac<\/li>\n\n\n\n<li>Gomashio, 100 g : 4 \u20ac<\/li>\n\n\n\n<li>Omegashio, 100 g : 5 \u20ac<\/li>\n\n\n\n<li>Dilgeleshio, 100 g : 5 \u20ac<\/li>\n\n\n\n<li>Cesnakashio, 150 g : 5 \u20ac<\/li>\n\n\n\n<li>K\u016b\u010diukai, 300g : 5 \u20ac<\/li>\n<\/ul>\n\n\n\n<p>Pavedim\u0105 pra\u0161ome padaryti tik i\u0161 anksto susitarus d\u0117l savo u\u017esakymo ir gavus patvirtinim\u0105. Nurodykite savo vard\u0105, a\u010di\u016b!:<\/p>\n\n\n\n<p>MB Tikra Duona SEB bankas, s\u0105sk. nr LT 457044090109903827<\/p>\n","protected":false},"excerpt":{"rendered":"<p>Kainos M\u016bs\u0173 kainos : Pavedim\u0105 pra\u0161ome padaryti tik i\u0161 anksto susitarus d\u0117l savo u\u017esakymo ir gavus patvirtinim\u0105. Nurodykite savo vard\u0105, a\u010di\u016b!: MB Tikra Duona SEB bankas, s\u0105sk. nr LT 457044090109903827<\/p>\n","protected":false},"author":1,"featured_media":0,"parent":0,"menu_order":0,"comment_status":"closed","ping_status":"closed","template":"","meta":{"footnotes":""},"class_list":["post-27","page","type-page","status-publish","hentry"],"_links":{"self":[{"href":"https:\/\/tikraduona.lt\/index.php?rest_route=\/wp\/v2\/pages\/27","targetHints":{"allow":["GET"]}}],"collection":[{"href":"https:\/\/tikraduona.lt\/index.php?rest_route=\/wp\/v2\/pages"}],"about":[{"href":"https:\/\/tikraduona.lt\/index.php?rest_route=\/wp\/v2\/types\/page"}],"author":[{"embeddable":true,"href":"https:\/\/tikraduona.lt\/index.php?rest_route=\/wp\/v2\/users\/1"}],"replies":[{"embeddable":true,"href":"https:\/\/tikraduona.lt\/index.php?rest_route=%2Fwp%2Fv2%2Fcomments&post=27"}],"version-history":[{"count":28,"href":"https:\/\/tikraduona.lt\/index.php?rest_route=\/wp\/v2\/pages\/27\/revisions"}],"predecessor-version":[{"id":446,"href":"https:\/\/tikraduona.lt\/index.php?rest_route=\/wp\/v2\/pages\/27\/revisions\/446"}],"wp:attachment":[{"href":"https:\/\/tikraduona.lt\/index.php?rest_route=%2Fwp%2Fv2%2Fmedia&parent=27"}],"curies":[{"name":"wp","href":"https:\/\/api.w.org\/{rel}","templated":true}]}}