{"id":21,"date":"2024-02-02T09:52:21","date_gmt":"2024-02-02T08:52:21","guid":{"rendered":"https:\/\/tikraduona.lt\/?page_id=21"},"modified":"2026-04-06T20:35:15","modified_gmt":"2026-04-06T18:35:15","slug":"duonos","status":"publish","type":"page","link":"https:\/\/tikraduona.lt\/?page_id=21","title":{"rendered":"Duonos"},"content":{"rendered":"\n<div class=\"wp-block-group alignfull has-accent-background-color has-background has-global-padding is-layout-constrained wp-container-core-group-is-layout-669513ed wp-block-group-is-layout-constrained\" style=\"margin-top:0;margin-bottom:0;padding-top:var(--wp--preset--spacing--50);padding-right:var(--wp--preset--spacing--50);padding-bottom:var(--wp--preset--spacing--50);padding-left:var(--wp--preset--spacing--50)\">\n<div class=\"wp-block-columns alignwide is-layout-flex wp-container-core-columns-is-layout-1da03c2a wp-block-columns-is-layout-flex\">\n<div class=\"wp-block-column is-vertically-aligned-stretch is-layout-flow wp-block-column-is-layout-flow\" style=\"flex-basis:50%\">\n<div class=\"wp-block-group is-vertical is-content-justification-stretch is-layout-flex wp-container-core-group-is-layout-444d5ee8 wp-block-group-is-layout-flex\" style=\"min-height:100%\">\n<p class=\"has-heading-font-family has-x-large-font-size\" style=\"line-height:1.2\">Rugin\u0117 duona<\/p>\n\n\n\n<p>Duonos sud\u0117tis: ekologi\u0161ki ruginiai miltai, raugas, druska, vanduo. Tai labai hidratuota, ilgai i\u0161silaikanti, kvapni duona tra\u0161kia plutele. Si\u016blome 1 kg arba 500 g<\/p>\n<\/div>\n\n\n\n<div class=\"wp-block-group is-vertical is-content-justification-stretch is-layout-flex wp-container-core-group-is-layout-444d5ee8 wp-block-group-is-layout-flex\" style=\"min-height:100%\">\n<div class=\"wp-block-group has-global-padding is-content-justification-left is-layout-constrained wp-container-core-group-is-layout-9fe8ed88 wp-block-group-is-layout-constrained\">\n<div class=\"wp-block-buttons is-layout-flex wp-block-buttons-is-layout-flex\"><\/div>\n<\/div>\n<\/div>\n<\/div>\n\n\n\n<div class=\"wp-block-column is-vertically-aligned-center is-layout-flow wp-block-column-is-layout-flow\" style=\"flex-basis:50%\">\n<figure class=\"wp-block-image size-large\"><img loading=\"lazy\" decoding=\"async\" width=\"1024\" height=\"729\" src=\"https:\/\/tikraduona.lt\/wp-content\/uploads\/2024\/04\/rugine_duona1-1024x729.jpg\" alt=\"\" class=\"wp-image-186\" srcset=\"https:\/\/tikraduona.lt\/wp-content\/uploads\/2024\/04\/rugine_duona1-1024x729.jpg 1024w, https:\/\/tikraduona.lt\/wp-content\/uploads\/2024\/04\/rugine_duona1-300x214.jpg 300w, https:\/\/tikraduona.lt\/wp-content\/uploads\/2024\/04\/rugine_duona1-768x547.jpg 768w, https:\/\/tikraduona.lt\/wp-content\/uploads\/2024\/04\/rugine_duona1-1536x1094.jpg 1536w, https:\/\/tikraduona.lt\/wp-content\/uploads\/2024\/04\/rugine_duona1-2048x1459.jpg 2048w\" sizes=\"auto, (max-width: 1024px) 100vw, 1024px\" \/><\/figure>\n<\/div>\n<\/div>\n<\/div>\n\n\n\n<div class=\"wp-block-group alignfull has-accent-5-background-color has-background has-global-padding is-layout-constrained wp-container-core-group-is-layout-d89aad35 wp-block-group-is-layout-constrained\" style=\"margin-top:0;margin-bottom:0;padding-top:var(--wp--preset--spacing--50);padding-right:var(--wp--preset--spacing--50);padding-bottom:var(--wp--preset--spacing--50);padding-left:var(--wp--preset--spacing--50)\">\n<div class=\"wp-block-columns alignwide is-layout-flex wp-container-core-columns-is-layout-1da03c2a wp-block-columns-is-layout-flex\">\n<div class=\"wp-block-column is-vertically-aligned-center is-layout-flow wp-block-column-is-layout-flow\" style=\"flex-basis:60%\">\n<figure class=\"wp-block-image size-full is-resized\"><img loading=\"lazy\" decoding=\"async\" width=\"2048\" height=\"1365\" src=\"https:\/\/tikraduona.lt\/wp-content\/uploads\/2025\/03\/e8371a35-fb7b-4b4c-9f27-cb18e577db0b.jpg\" alt=\"\" class=\"wp-image-289\" style=\"aspect-ratio:1.3333333333333333;object-fit:cover;width:523px;height:auto\" srcset=\"https:\/\/tikraduona.lt\/wp-content\/uploads\/2025\/03\/e8371a35-fb7b-4b4c-9f27-cb18e577db0b.jpg 2048w, https:\/\/tikraduona.lt\/wp-content\/uploads\/2025\/03\/e8371a35-fb7b-4b4c-9f27-cb18e577db0b-300x200.jpg 300w, https:\/\/tikraduona.lt\/wp-content\/uploads\/2025\/03\/e8371a35-fb7b-4b4c-9f27-cb18e577db0b-1024x683.jpg 1024w, https:\/\/tikraduona.lt\/wp-content\/uploads\/2025\/03\/e8371a35-fb7b-4b4c-9f27-cb18e577db0b-768x512.jpg 768w, https:\/\/tikraduona.lt\/wp-content\/uploads\/2025\/03\/e8371a35-fb7b-4b4c-9f27-cb18e577db0b-1536x1024.jpg 1536w\" sizes=\"auto, (max-width: 2048px) 100vw, 2048px\" \/><\/figure>\n<\/div>\n\n\n\n<div class=\"wp-block-column is-layout-flow wp-block-column-is-layout-flow\" style=\"flex-basis:40%\">\n<h2 class=\"wp-block-heading\">Rugin\u0117 duona su kanapi\u0173 s\u0117klomis<\/h2>\n\n\n\n<p>Duonos sud\u0117tis: ekologi\u0161ki ruginiai miltai, raugas, druska, vanduo, ekologi\u0161kos kanapi\u0173 s\u0117klos. Si\u016blome 900 g arba 450 g.<\/p>\n\n\n\n<div class=\"wp-block-buttons is-layout-flex wp-block-buttons-is-layout-flex\"><\/div>\n<\/div>\n<\/div>\n<\/div>\n\n\n\n<div class=\"wp-block-group alignfull has-accent-background-color has-background has-global-padding is-layout-constrained wp-container-core-group-is-layout-669513ed wp-block-group-is-layout-constrained\" style=\"margin-top:0;margin-bottom:0;padding-top:var(--wp--preset--spacing--50);padding-right:var(--wp--preset--spacing--50);padding-bottom:var(--wp--preset--spacing--50);padding-left:var(--wp--preset--spacing--50)\">\n<div class=\"wp-block-columns alignwide is-layout-flex wp-container-core-columns-is-layout-1da03c2a wp-block-columns-is-layout-flex\">\n<div class=\"wp-block-column is-vertically-aligned-stretch is-layout-flow wp-block-column-is-layout-flow\" style=\"flex-basis:50%\">\n<div class=\"wp-block-group is-vertical is-content-justification-stretch is-layout-flex wp-container-core-group-is-layout-444d5ee8 wp-block-group-is-layout-flex\" style=\"min-height:100%\">\n<p class=\"has-heading-font-family has-x-large-font-size\" style=\"line-height:1.2\">Rugin\u0117 duona su kmynais ir kalendra<\/p>\n\n\n\n<p>Duonos sud\u0117tis: ekologi\u0161ki ruginiai miltai, kmynas, kalendras, raugas, druska, vanduo. Soti, \u0161velniai r\u016bg\u0161ti, rupi, pikanti\u0161ko aromato rugin\u0117 duona.. Si\u016blome 800 g<\/p>\n<\/div>\n\n\n\n<div class=\"wp-block-group is-vertical is-content-justification-stretch is-layout-flex wp-container-core-group-is-layout-444d5ee8 wp-block-group-is-layout-flex\" style=\"min-height:100%\">\n<div class=\"wp-block-group has-global-padding is-content-justification-left is-layout-constrained wp-container-core-group-is-layout-9fe8ed88 wp-block-group-is-layout-constrained\">\n<div class=\"wp-block-buttons is-layout-flex wp-block-buttons-is-layout-flex\"><\/div>\n<\/div>\n<\/div>\n<\/div>\n\n\n\n<div class=\"wp-block-column is-vertically-aligned-center is-layout-flow wp-block-column-is-layout-flow\" style=\"flex-basis:50%\">\n<figure class=\"wp-block-image size-large\"><img loading=\"lazy\" decoding=\"async\" width=\"1024\" height=\"702\" src=\"https:\/\/tikraduona.lt\/wp-content\/uploads\/2025\/11\/2D4A0700-1024x702.jpg\" alt=\"\" class=\"wp-image-415\" srcset=\"https:\/\/tikraduona.lt\/wp-content\/uploads\/2025\/11\/2D4A0700-1024x702.jpg 1024w, https:\/\/tikraduona.lt\/wp-content\/uploads\/2025\/11\/2D4A0700-300x206.jpg 300w, https:\/\/tikraduona.lt\/wp-content\/uploads\/2025\/11\/2D4A0700-768x526.jpg 768w, https:\/\/tikraduona.lt\/wp-content\/uploads\/2025\/11\/2D4A0700.jpg 1417w\" sizes=\"auto, (max-width: 1024px) 100vw, 1024px\" \/><\/figure>\n<\/div>\n<\/div>\n<\/div>\n\n\n\n<div class=\"wp-block-group alignfull has-accent-5-background-color has-background has-global-padding is-layout-constrained wp-container-core-group-is-layout-d89aad35 wp-block-group-is-layout-constrained\" style=\"margin-top:0;margin-bottom:0;padding-top:var(--wp--preset--spacing--50);padding-right:var(--wp--preset--spacing--50);padding-bottom:var(--wp--preset--spacing--50);padding-left:var(--wp--preset--spacing--50)\">\n<div class=\"wp-block-columns alignwide is-layout-flex wp-container-core-columns-is-layout-1da03c2a wp-block-columns-is-layout-flex\">\n<div class=\"wp-block-column is-vertically-aligned-center is-layout-flow wp-block-column-is-layout-flow\" style=\"flex-basis:60%\">\n<figure class=\"wp-block-image size-large\"><img loading=\"lazy\" decoding=\"async\" width=\"1024\" height=\"780\" src=\"https:\/\/tikraduona.lt\/wp-content\/uploads\/2024\/04\/kvietinai_su_seklomis-1024x780.jpg\" alt=\"\" class=\"wp-image-188\" style=\"aspect-ratio:4\/3;object-fit:cover\" srcset=\"https:\/\/tikraduona.lt\/wp-content\/uploads\/2024\/04\/kvietinai_su_seklomis-1024x780.jpg 1024w, https:\/\/tikraduona.lt\/wp-content\/uploads\/2024\/04\/kvietinai_su_seklomis-300x228.jpg 300w, https:\/\/tikraduona.lt\/wp-content\/uploads\/2024\/04\/kvietinai_su_seklomis-768x585.jpg 768w, https:\/\/tikraduona.lt\/wp-content\/uploads\/2024\/04\/kvietinai_su_seklomis-1536x1170.jpg 1536w, https:\/\/tikraduona.lt\/wp-content\/uploads\/2024\/04\/kvietinai_su_seklomis-2048x1560.jpg 2048w\" sizes=\"auto, (max-width: 1024px) 100vw, 1024px\" \/><\/figure>\n<\/div>\n\n\n\n<div class=\"wp-block-column is-layout-flow wp-block-column-is-layout-flow\" style=\"flex-basis:40%\">\n<h2 class=\"wp-block-heading\">Kvietin\u0117 duona su s\u0117klomis<\/h2>\n\n\n\n<p>Duonos sud\u0117tis: ekologi\u0161ki kvietiniai miltai, raugas, druska, vanduo, ekologi\u0161kos saul\u0117gr\u0105\u017eos, lin\u0173 s\u0117menys, sezamo s\u0117klos. Si\u016blome 800 g.<\/p>\n\n\n\n<div class=\"wp-block-buttons is-layout-flex wp-block-buttons-is-layout-flex\"><\/div>\n<\/div>\n<\/div>\n<\/div>\n\n\n\n<div class=\"wp-block-group alignfull has-accent-background-color has-background has-global-padding is-layout-constrained wp-container-core-group-is-layout-669513ed wp-block-group-is-layout-constrained\" style=\"margin-top:0;margin-bottom:0;padding-top:var(--wp--preset--spacing--50);padding-right:var(--wp--preset--spacing--50);padding-bottom:var(--wp--preset--spacing--50);padding-left:var(--wp--preset--spacing--50)\">\n<div class=\"wp-block-columns alignwide is-layout-flex wp-container-core-columns-is-layout-1da03c2a wp-block-columns-is-layout-flex\">\n<div class=\"wp-block-column is-vertically-aligned-stretch is-layout-flow wp-block-column-is-layout-flow\" style=\"flex-basis:50%\">\n<div class=\"wp-block-group is-vertical is-content-justification-stretch is-layout-flex wp-container-core-group-is-layout-444d5ee8 wp-block-group-is-layout-flex\" style=\"min-height:100%\">\n<p class=\"has-heading-font-family has-x-large-font-size\" style=\"line-height:1.2\">Kop\u016bstinuk\u0117<\/p>\n\n\n\n<p>Duonos sud\u0117tis: ekologi\u0161ki kvietiniai miltai, raugas, druska, vanduo, ekologi\u0161kos saul\u0117gr\u0105\u017eos, lin\u0173 s\u0117menys, sezamo s\u0117klos. Nepaprastas skonis, nes kepame kop\u016bsto lape. M\u016bs\u0173 gerb\u0117j\u0173 m\u0117gstamiausia! Si\u016blome 400 g.<\/p>\n<\/div>\n\n\n\n<div class=\"wp-block-group is-vertical is-content-justification-stretch is-layout-flex wp-container-core-group-is-layout-444d5ee8 wp-block-group-is-layout-flex\" style=\"min-height:100%\">\n<div class=\"wp-block-group has-global-padding is-content-justification-left is-layout-constrained wp-container-core-group-is-layout-9fe8ed88 wp-block-group-is-layout-constrained\">\n<div class=\"wp-block-buttons is-layout-flex wp-block-buttons-is-layout-flex\"><\/div>\n<\/div>\n<\/div>\n<\/div>\n\n\n\n<div class=\"wp-block-column is-vertically-aligned-center is-layout-flow wp-block-column-is-layout-flow\" style=\"flex-basis:50%\">\n<figure class=\"wp-block-image size-large\"><img loading=\"lazy\" decoding=\"async\" width=\"1024\" height=\"676\" src=\"https:\/\/tikraduona.lt\/wp-content\/uploads\/2025\/03\/IMG_7113-1024x676.jpg\" alt=\"\" class=\"wp-image-308\" style=\"aspect-ratio:3\/2;object-fit:cover\" srcset=\"https:\/\/tikraduona.lt\/wp-content\/uploads\/2025\/03\/IMG_7113-1024x676.jpg 1024w, https:\/\/tikraduona.lt\/wp-content\/uploads\/2025\/03\/IMG_7113-300x198.jpg 300w, https:\/\/tikraduona.lt\/wp-content\/uploads\/2025\/03\/IMG_7113-768x507.jpg 768w, https:\/\/tikraduona.lt\/wp-content\/uploads\/2025\/03\/IMG_7113-1536x1014.jpg 1536w, https:\/\/tikraduona.lt\/wp-content\/uploads\/2025\/03\/IMG_7113-2048x1353.jpg 2048w\" sizes=\"auto, (max-width: 1024px) 100vw, 1024px\" \/><\/figure>\n<\/div>\n<\/div>\n<\/div>\n\n\n\n<div class=\"wp-block-group alignfull has-accent-5-background-color has-background has-global-padding is-layout-constrained wp-container-core-group-is-layout-d89aad35 wp-block-group-is-layout-constrained\" style=\"margin-top:0;margin-bottom:0;padding-top:var(--wp--preset--spacing--50);padding-right:var(--wp--preset--spacing--50);padding-bottom:var(--wp--preset--spacing--50);padding-left:var(--wp--preset--spacing--50)\">\n<div class=\"wp-block-columns alignwide is-layout-flex wp-container-core-columns-is-layout-1da03c2a wp-block-columns-is-layout-flex\">\n<div class=\"wp-block-column is-vertically-aligned-center is-layout-flow wp-block-column-is-layout-flow\" style=\"flex-basis:60%\">\n<figure class=\"wp-block-image size-large is-resized\"><img loading=\"lazy\" decoding=\"async\" width=\"1004\" height=\"1024\" src=\"https:\/\/tikraduona.lt\/wp-content\/uploads\/2025\/03\/su-seklom3-1004x1024.jpg\" alt=\"\" class=\"wp-image-287\" style=\"width:461px;height:auto\" srcset=\"https:\/\/tikraduona.lt\/wp-content\/uploads\/2025\/03\/su-seklom3-1004x1024.jpg 1004w, https:\/\/tikraduona.lt\/wp-content\/uploads\/2025\/03\/su-seklom3-294x300.jpg 294w, https:\/\/tikraduona.lt\/wp-content\/uploads\/2025\/03\/su-seklom3-768x784.jpg 768w, https:\/\/tikraduona.lt\/wp-content\/uploads\/2025\/03\/su-seklom3-1505x1536.jpg 1505w, https:\/\/tikraduona.lt\/wp-content\/uploads\/2025\/03\/su-seklom3-2007x2048.jpg 2007w\" sizes=\"auto, (max-width: 1004px) 100vw, 1004px\" \/><\/figure>\n<\/div>\n\n\n\n<div class=\"wp-block-column is-layout-flow wp-block-column-is-layout-flow\" style=\"flex-basis:40%\">\n<h2 class=\"wp-block-heading\">Desertin\u0117 ry\u017ei\u0173 duona<\/h2>\n\n\n\n<p>Duonos sud\u0117tis: ekologi\u0161ki kvietiniai miltai, raugas, druska, vanduo, ekologi\u0161ki Jasmin ry\u017eiai. Saldi, puri, tikras delikatesas! Si\u016blome 800 g arba 400 g.<\/p>\n\n\n\n<div class=\"wp-block-buttons is-layout-flex wp-block-buttons-is-layout-flex\"><\/div>\n<\/div>\n<\/div>\n<\/div>\n\n\n\n<div class=\"wp-block-group alignfull has-accent-background-color has-background has-global-padding is-layout-constrained wp-container-core-group-is-layout-669513ed wp-block-group-is-layout-constrained\" style=\"margin-top:0;margin-bottom:0;padding-top:var(--wp--preset--spacing--50);padding-right:var(--wp--preset--spacing--50);padding-bottom:var(--wp--preset--spacing--50);padding-left:var(--wp--preset--spacing--50)\">\n<div class=\"wp-block-columns alignwide is-layout-flex wp-container-core-columns-is-layout-1da03c2a wp-block-columns-is-layout-flex\">\n<div class=\"wp-block-column is-vertically-aligned-stretch is-layout-flow wp-block-column-is-layout-flow\" style=\"flex-basis:50%\">\n<div class=\"wp-block-group is-vertical is-content-justification-stretch is-layout-flex wp-container-core-group-is-layout-444d5ee8 wp-block-group-is-layout-flex\" style=\"min-height:100%\">\n<p class=\"has-heading-font-family has-x-large-font-size\" style=\"line-height:1.2\">Pusiau rugin\u0117<\/p>\n\n\n\n<p>Duonos sud\u0117tis: ekologi\u0161ki rugi\u0173 ir kvie\u010di\u0173 miltai, raugas, druska, vanduo. Tai maistingas ir kartu gardus variantas, tobulas pasirinkimas m\u0117gstantiems rugines ir kvietines duonas! Si\u016blome 1 kg arba 500 g.<\/p>\n<\/div>\n\n\n\n<div class=\"wp-block-group is-vertical is-content-justification-stretch is-layout-flex wp-container-core-group-is-layout-444d5ee8 wp-block-group-is-layout-flex\" style=\"min-height:100%\">\n<div class=\"wp-block-group has-global-padding is-content-justification-left is-layout-constrained wp-container-core-group-is-layout-9fe8ed88 wp-block-group-is-layout-constrained\">\n<div class=\"wp-block-buttons is-layout-flex wp-block-buttons-is-layout-flex\"><\/div>\n<\/div>\n<\/div>\n<\/div>\n\n\n\n<div class=\"wp-block-column is-vertically-aligned-center is-layout-flow wp-block-column-is-layout-flow\" style=\"flex-basis:50%\">\n<figure class=\"wp-block-image size-large is-resized\"><img loading=\"lazy\" decoding=\"async\" width=\"1024\" height=\"712\" src=\"https:\/\/tikraduona.lt\/wp-content\/uploads\/2024\/04\/pusiau_rugine-1024x712.jpg\" alt=\"\" class=\"wp-image-190\" style=\"aspect-ratio:3\/2;object-fit:cover;width:447px;height:auto\" srcset=\"https:\/\/tikraduona.lt\/wp-content\/uploads\/2024\/04\/pusiau_rugine-1024x712.jpg 1024w, https:\/\/tikraduona.lt\/wp-content\/uploads\/2024\/04\/pusiau_rugine-300x209.jpg 300w, https:\/\/tikraduona.lt\/wp-content\/uploads\/2024\/04\/pusiau_rugine-768x534.jpg 768w, https:\/\/tikraduona.lt\/wp-content\/uploads\/2024\/04\/pusiau_rugine-1536x1068.jpg 1536w, https:\/\/tikraduona.lt\/wp-content\/uploads\/2024\/04\/pusiau_rugine-2048x1424.jpg 2048w\" sizes=\"auto, (max-width: 1024px) 100vw, 1024px\" \/><\/figure>\n<\/div>\n<\/div>\n<\/div>\n\n\n\n<p><\/p>\n\n\n\n<div class=\"wp-block-group alignfull has-accent-5-background-color has-background has-global-padding is-layout-constrained wp-container-core-group-is-layout-d89aad35 wp-block-group-is-layout-constrained\" style=\"margin-top:0;margin-bottom:0;padding-top:var(--wp--preset--spacing--50);padding-right:var(--wp--preset--spacing--50);padding-bottom:var(--wp--preset--spacing--50);padding-left:var(--wp--preset--spacing--50)\">\n<div class=\"wp-block-columns alignwide is-layout-flex wp-container-core-columns-is-layout-1da03c2a wp-block-columns-is-layout-flex\">\n<div class=\"wp-block-column is-vertically-aligned-center is-layout-flow wp-block-column-is-layout-flow\" style=\"flex-basis:60%\">\n<figure class=\"wp-block-image size-full\"><img loading=\"lazy\" decoding=\"async\" width=\"2560\" height=\"1560\" src=\"https:\/\/tikraduona.lt\/wp-content\/uploads\/2026\/04\/IMG_6630-scaled.jpg\" alt=\"\" class=\"wp-image-440\" srcset=\"https:\/\/tikraduona.lt\/wp-content\/uploads\/2026\/04\/IMG_6630-scaled.jpg 2560w, https:\/\/tikraduona.lt\/wp-content\/uploads\/2026\/04\/IMG_6630-300x183.jpg 300w, https:\/\/tikraduona.lt\/wp-content\/uploads\/2026\/04\/IMG_6630-1024x624.jpg 1024w, https:\/\/tikraduona.lt\/wp-content\/uploads\/2026\/04\/IMG_6630-768x468.jpg 768w, https:\/\/tikraduona.lt\/wp-content\/uploads\/2026\/04\/IMG_6630-1536x936.jpg 1536w, https:\/\/tikraduona.lt\/wp-content\/uploads\/2026\/04\/IMG_6630-2048x1248.jpg 2048w\" sizes=\"auto, (max-width: 2560px) 100vw, 2560px\" \/><\/figure>\n<\/div>\n\n\n\n<div class=\"wp-block-column is-layout-flow wp-block-column-is-layout-flow\" style=\"flex-basis:40%\">\n<h2 class=\"wp-block-heading\">Griki\u0173 duona su s\u0117klomis (be glitimo)<\/h2>\n\n\n\n<p>Duonos sud\u0117tis: ekologi\u0161ki grikiai, sezamo s\u0117klos, saul\u0117gr\u0105\u017e\u0173 s\u0117klos, lin\u0173 s\u0117men\u0173 s\u0117klos, druska, vanduo. Duona be glitimo.<\/p>\n\n\n\n<p>! Tinka griki\u0173 fanams, netoleruojantiems gliuteno.<\/p>\n\n\n\n<p>!! Netinka alergi\u0161kiems, tad pasitikslinkite prie\u0161 u\u017esakydami. <\/p>\n\n\n\n<p>Si\u016blome 1000 g ir 500 g.<\/p>\n\n\n\n<div class=\"wp-block-buttons is-layout-flex wp-block-buttons-is-layout-flex\"><\/div>\n<\/div>\n<\/div>\n<\/div>\n\n\n\n<div class=\"wp-block-group alignfull has-accent-background-color has-background has-global-padding is-layout-constrained wp-container-core-group-is-layout-669513ed wp-block-group-is-layout-constrained\" style=\"margin-top:0;margin-bottom:0;padding-top:var(--wp--preset--spacing--50);padding-right:var(--wp--preset--spacing--50);padding-bottom:var(--wp--preset--spacing--50);padding-left:var(--wp--preset--spacing--50)\">\n<div class=\"wp-block-columns alignwide is-layout-flex wp-container-core-columns-is-layout-1da03c2a wp-block-columns-is-layout-flex\">\n<div class=\"wp-block-column is-vertically-aligned-stretch is-layout-flow wp-block-column-is-layout-flow\" style=\"flex-basis:50%\">\n<div class=\"wp-block-group is-vertical is-content-justification-stretch is-layout-flex wp-container-core-group-is-layout-444d5ee8 wp-block-group-is-layout-flex\" style=\"min-height:100%\">\n<p class=\"has-heading-font-family has-x-large-font-size\" style=\"line-height:1.2\">Rie\u0161ut\u0173 duona<\/p>\n\n\n\n<p>Duonos sud\u0117tis: ekologi\u0161ki rugi\u0173 ir kvie\u010di\u0173 miltai, ekologi\u0161ki graikiniai rie\u0161utai, alyvuogi\u0173 aliejus, druska, vanduo. I\u0161 ties\u0173 tai ir sveika duona &#8211; graikiniai rie\u0161utai stebuklingi! Ma\u017eina stres\u0105, gerina miego kokyb\u0119, stiprina atmint\u012f, gerina \u0161irdies bei smegen\u0173 veikl\u0105, didina j\u016bs\u0173 Omega3 ir vitamino C atsargas. Si\u016blome 400 g.<\/p>\n<\/div>\n\n\n\n<div class=\"wp-block-group is-vertical is-content-justification-stretch is-layout-flex wp-container-core-group-is-layout-444d5ee8 wp-block-group-is-layout-flex\" style=\"min-height:100%\">\n<div class=\"wp-block-group has-global-padding is-content-justification-left is-layout-constrained wp-container-core-group-is-layout-9fe8ed88 wp-block-group-is-layout-constrained\">\n<div class=\"wp-block-buttons is-layout-flex wp-block-buttons-is-layout-flex\"><\/div>\n<\/div>\n<\/div>\n<\/div>\n\n\n\n<div class=\"wp-block-column is-vertically-aligned-center is-layout-flow wp-block-column-is-layout-flow\" style=\"flex-basis:50%\">\n<figure class=\"wp-block-image alignleft size-full is-resized\"><img loading=\"lazy\" decoding=\"async\" width=\"2560\" height=\"1680\" src=\"https:\/\/tikraduona.lt\/wp-content\/uploads\/2025\/03\/IMG_7130-scaled.jpg\" alt=\"\" class=\"wp-image-291\" style=\"aspect-ratio:1.3333333333333333;object-fit:cover;width:505px;height:auto\" srcset=\"https:\/\/tikraduona.lt\/wp-content\/uploads\/2025\/03\/IMG_7130-scaled.jpg 2560w, https:\/\/tikraduona.lt\/wp-content\/uploads\/2025\/03\/IMG_7130-300x197.jpg 300w, https:\/\/tikraduona.lt\/wp-content\/uploads\/2025\/03\/IMG_7130-1024x672.jpg 1024w, https:\/\/tikraduona.lt\/wp-content\/uploads\/2025\/03\/IMG_7130-768x504.jpg 768w, https:\/\/tikraduona.lt\/wp-content\/uploads\/2025\/03\/IMG_7130-1536x1008.jpg 1536w, https:\/\/tikraduona.lt\/wp-content\/uploads\/2025\/03\/IMG_7130-2048x1344.jpg 2048w\" sizes=\"auto, (max-width: 2560px) 100vw, 2560px\" \/><\/figure>\n<\/div>\n<\/div>\n<\/div>\n\n\n\n<div class=\"wp-block-group alignfull has-accent-5-background-color has-background has-global-padding is-layout-constrained wp-container-core-group-is-layout-d89aad35 wp-block-group-is-layout-constrained\" style=\"margin-top:0;margin-bottom:0;padding-top:var(--wp--preset--spacing--50);padding-right:var(--wp--preset--spacing--50);padding-bottom:var(--wp--preset--spacing--50);padding-left:var(--wp--preset--spacing--50)\">\n<div class=\"wp-block-columns alignwide is-layout-flex wp-container-core-columns-is-layout-1da03c2a wp-block-columns-is-layout-flex\">\n<div class=\"wp-block-column is-vertically-aligned-center is-layout-flow wp-block-column-is-layout-flow\" style=\"flex-basis:60%\">\n<figure class=\"wp-block-image size-full\"><img loading=\"lazy\" decoding=\"async\" width=\"900\" height=\"671\" src=\"http:\/\/tikraduona.lt\/wp-content\/uploads\/2024\/04\/baguette_site_web.jpg\" alt=\"Bagete - Tikra duona\" class=\"wp-image-218\" srcset=\"https:\/\/tikraduona.lt\/wp-content\/uploads\/2024\/04\/baguette_site_web.jpg 900w, https:\/\/tikraduona.lt\/wp-content\/uploads\/2024\/04\/baguette_site_web-300x224.jpg 300w, https:\/\/tikraduona.lt\/wp-content\/uploads\/2024\/04\/baguette_site_web-768x573.jpg 768w\" sizes=\"auto, (max-width: 900px) 100vw, 900px\" \/><\/figure>\n<\/div>\n\n\n\n<div class=\"wp-block-column is-layout-flow wp-block-column-is-layout-flow\" style=\"flex-basis:40%\">\n<h2 class=\"wp-block-heading\">Baget\u0117<\/h2>\n\n\n\n<p>Baget\u0117s sud\u0117tis: ekologi\u0161ki kvietiniai miltai, raugas, druska, vanduo, miel\u0117s. Ilgos, tra\u0161kios, tinkan\u010dios valgyti visur ir visada! Si\u016blome 250 g.<\/p>\n\n\n\n<div class=\"wp-block-buttons is-layout-flex wp-block-buttons-is-layout-flex\"><\/div>\n<\/div>\n<\/div>\n<\/div>\n","protected":false},"excerpt":{"rendered":"<p>Rugin\u0117 duona Duonos sud\u0117tis: ekologi\u0161ki ruginiai miltai, raugas, druska, vanduo. Tai labai hidratuota, ilgai i\u0161silaikanti, kvapni duona tra\u0161kia plutele. Si\u016blome 1 kg arba 500 g Rugin\u0117 duona su kanapi\u0173 s\u0117klomis Duonos sud\u0117tis: ekologi\u0161ki ruginiai miltai, raugas, druska, vanduo, ekologi\u0161kos kanapi\u0173 s\u0117klos. Si\u016blome 900 g arba 450 g. Rugin\u0117 duona su kmynais ir kalendra Duonos sud\u0117tis: [&hellip;]<\/p>\n","protected":false},"author":1,"featured_media":0,"parent":0,"menu_order":0,"comment_status":"closed","ping_status":"closed","template":"","meta":{"footnotes":""},"class_list":["post-21","page","type-page","status-publish","hentry"],"_links":{"self":[{"href":"https:\/\/tikraduona.lt\/index.php?rest_route=\/wp\/v2\/pages\/21","targetHints":{"allow":["GET"]}}],"collection":[{"href":"https:\/\/tikraduona.lt\/index.php?rest_route=\/wp\/v2\/pages"}],"about":[{"href":"https:\/\/tikraduona.lt\/index.php?rest_route=\/wp\/v2\/types\/page"}],"author":[{"embeddable":true,"href":"https:\/\/tikraduona.lt\/index.php?rest_route=\/wp\/v2\/users\/1"}],"replies":[{"embeddable":true,"href":"https:\/\/tikraduona.lt\/index.php?rest_route=%2Fwp%2Fv2%2Fcomments&post=21"}],"version-history":[{"count":48,"href":"https:\/\/tikraduona.lt\/index.php?rest_route=\/wp\/v2\/pages\/21\/revisions"}],"predecessor-version":[{"id":444,"href":"https:\/\/tikraduona.lt\/index.php?rest_route=\/wp\/v2\/pages\/21\/revisions\/444"}],"wp:attachment":[{"href":"https:\/\/tikraduona.lt\/index.php?rest_route=%2Fwp%2Fv2%2Fmedia&parent=21"}],"curies":[{"name":"wp","href":"https:\/\/api.w.org\/{rel}","templated":true}]}}