{"id":2,"date":"2024-01-21T21:35:42","date_gmt":"2024-01-21T20:35:42","guid":{"rendered":"http:\/\/tikraduona.lt\/?page_id=2"},"modified":"2025-03-31T11:38:47","modified_gmt":"2025-03-31T09:38:47","slug":"page-d-exemple","status":"publish","type":"page","link":"https:\/\/tikraduona.lt\/?page_id=2","title":{"rendered":"Apie mus"},"content":{"rendered":"\n<h2 class=\"wp-block-heading\">Apie mus<\/h2>\n\n\n\n<p>Esame pranc\u016bzi\u0161kai lietuvi\u0161ka \u0161eima pami\u0161usi d\u0117l sveikos, eklogi\u0161kos, tikros duonos ! Savo rankomis pastat\u0117me nam\u0105 ir sum\u016brijome krosn\u012f, jau kelis metus sau ir draugams kepame \u012fvarius skan\u0117stus, dabar dalinam\u0117s ir su jumis!<\/p>\n\n\n\n<p><\/p>\n\n\n\n<blockquote class=\"wp-block-quote is-layout-flow wp-block-quote-is-layout-flow\">\n<figure class=\"wp-block-image size-large\"><img loading=\"lazy\" decoding=\"async\" width=\"1024\" height=\"681\" src=\"https:\/\/tikraduona.lt\/wp-content\/uploads\/2025\/03\/IMG_2717-1024x681.jpg\" alt=\"\" class=\"wp-image-295\" srcset=\"https:\/\/tikraduona.lt\/wp-content\/uploads\/2025\/03\/IMG_2717-1024x681.jpg 1024w, https:\/\/tikraduona.lt\/wp-content\/uploads\/2025\/03\/IMG_2717-300x199.jpg 300w, https:\/\/tikraduona.lt\/wp-content\/uploads\/2025\/03\/IMG_2717-768x511.jpg 768w, https:\/\/tikraduona.lt\/wp-content\/uploads\/2025\/03\/IMG_2717-1536x1021.jpg 1536w, https:\/\/tikraduona.lt\/wp-content\/uploads\/2025\/03\/IMG_2717-2048x1362.jpg 2048w\" sizes=\"auto, (max-width: 1024px) 100vw, 1024px\" \/><\/figure>\n<cite>Kep\u0117jai Ula ir Thomas <br>Olga Poloma nuotrauka. M\u016bs\u0173 puslapyje profesionaliai nufotografuotos nuotraukos yra \u0161ios talentingos fotograf\u0117s.<\/cite><\/blockquote>\n\n\n\n<h2 class=\"wp-block-heading\">M\u016bs\u0173 filosofija<\/h2>\n\n\n\n<p>Kepame tikro raugo duon\u0105 tik i\u0161 ekologi\u0161k\u0173 produkt\u0173. Mums reik\u0161mingas visas procesas &#8211; nuo \u017eem\u0117s, kurioje auginami gr\u016bdai iki patekimo ant j\u016bs\u0173 stalo. Mums svarbu pasirinkti vietinius tiek\u0117jus, gaminti nedaug, bet kokybi\u0161kai. Duona ne prabangos prek\u0117 &#8211; o kasdienis d\u017eiaugsmas. Duona mums &#8211; dalinimosi, benduomeni\u0161kumo ir kasdienyb\u0117s paprastumo dalis. <\/p>\n\n\n\n<figure class=\"wp-block-image size-large\"><img loading=\"lazy\" decoding=\"async\" width=\"1024\" height=\"731\" src=\"https:\/\/tikraduona.lt\/wp-content\/uploads\/2025\/03\/IMG_2473-1024x731.jpg\" alt=\"\" class=\"wp-image-320\" srcset=\"https:\/\/tikraduona.lt\/wp-content\/uploads\/2025\/03\/IMG_2473-1024x731.jpg 1024w, https:\/\/tikraduona.lt\/wp-content\/uploads\/2025\/03\/IMG_2473-300x214.jpg 300w, https:\/\/tikraduona.lt\/wp-content\/uploads\/2025\/03\/IMG_2473-768x549.jpg 768w, https:\/\/tikraduona.lt\/wp-content\/uploads\/2025\/03\/IMG_2473-1536x1097.jpg 1536w, https:\/\/tikraduona.lt\/wp-content\/uploads\/2025\/03\/IMG_2473-2048x1463.jpg 2048w\" sizes=\"auto, (max-width: 1024px) 100vw, 1024px\" \/><\/figure>\n\n\n\n<p>Duon\u0105 kepame atsakingai. M\u016bs\u0173 id\u0117jos pagrindas &#8211; sveiki, kokybi\u0161ki ir ekologi\u0161ki produktai. Savo duonai naudojame rugius ir kvie\u010dius &#8211; lietuvi\u0161kas senasias, nemodifikuotas gr\u016bd\u0173 r\u016b\u0161is. Perkame miltus i\u0161 ma\u017e\u0173 \u0161eimos \u016bki\u0173 Lietuvoje, kurie saugo gimt\u0105j\u0105 \u017eem\u0119, savo ir kit\u0173 sveikat\u0105. Jie niekuo nepur\u0161kia lauk\u0173 (joki\u0173 pesticid\u0173,fungicid\u0173,insekticid\u0173 ir kt.), r\u016bpinasi \u017eeme, kurioje augina, atsakingai mala miltus netoliese esan\u010diuose mal\u016bnuose. <\/p>\n\n\n\n<figure class=\"wp-block-image size-large is-resized\"><img loading=\"lazy\" decoding=\"async\" width=\"792\" height=\"1024\" src=\"https:\/\/tikraduona.lt\/wp-content\/uploads\/2025\/03\/2D4A7210-792x1024.jpg\" alt=\"\" class=\"wp-image-319\" style=\"width:575px;height:auto\" srcset=\"https:\/\/tikraduona.lt\/wp-content\/uploads\/2025\/03\/2D4A7210-792x1024.jpg 792w, https:\/\/tikraduona.lt\/wp-content\/uploads\/2025\/03\/2D4A7210-232x300.jpg 232w, https:\/\/tikraduona.lt\/wp-content\/uploads\/2025\/03\/2D4A7210-768x993.jpg 768w, https:\/\/tikraduona.lt\/wp-content\/uploads\/2025\/03\/2D4A7210-1188x1536.jpg 1188w, https:\/\/tikraduona.lt\/wp-content\/uploads\/2025\/03\/2D4A7210-1584x2048.jpg 1584w, https:\/\/tikraduona.lt\/wp-content\/uploads\/2025\/03\/2D4A7210-scaled.jpg 1980w\" sizes=\"auto, (max-width: 792px) 100vw, 792px\" \/><\/figure>\n\n\n\n<p>Perkame s\u0117klas taip pat i\u0161 ekologi\u0161k\u0173 \u016bki\u0173. Naudojame vanden\u012f i\u0161 savo \u0161ulinio, kuris filtruojamas ir reguliariai tikrinamas. Duonai gaminti nenaudojame cukraus, konservant\u0173, mieli\u0173, saldikli\u0173, salyklo, da\u017eikli\u0173 ir kit\u0173 pried\u0173. Labai d\u017eiaugiam\u0117s, nes tai skani, ekologi\u0161ka, sveika ir tikra duona.<\/p>\n\n\n\n<figure class=\"wp-block-image size-large is-resized\"><img loading=\"lazy\" decoding=\"async\" width=\"731\" height=\"1024\" src=\"https:\/\/tikraduona.lt\/wp-content\/uploads\/2025\/03\/IMG_2806-731x1024.jpg\" alt=\"\" class=\"wp-image-322\" style=\"width:556px;height:auto\" srcset=\"https:\/\/tikraduona.lt\/wp-content\/uploads\/2025\/03\/IMG_2806-731x1024.jpg 731w, https:\/\/tikraduona.lt\/wp-content\/uploads\/2025\/03\/IMG_2806-214x300.jpg 214w, https:\/\/tikraduona.lt\/wp-content\/uploads\/2025\/03\/IMG_2806-768x1076.jpg 768w, https:\/\/tikraduona.lt\/wp-content\/uploads\/2025\/03\/IMG_2806-1096x1536.jpg 1096w, https:\/\/tikraduona.lt\/wp-content\/uploads\/2025\/03\/IMG_2806-1461x2048.jpg 1461w, https:\/\/tikraduona.lt\/wp-content\/uploads\/2025\/03\/IMG_2806-scaled.jpg 1826w\" sizes=\"auto, (max-width: 731px) 100vw, 731px\" \/><\/figure>\n\n\n\n<p><br>Siekiame kokyb\u0117s ir autenti\u0161kumo, tod\u0117l te\u0161la minkoma ir formuojama rankomis, o duona kepama m\u016bs\u0173 pa\u010di\u0173 sukonstruotoje Gueulard tipo malkomis k\u016brenamoje krosnyje. Kepame kart\u0105 per savait\u0119 ir \u0161vie\u017eias ve\u017eame \u012f Vilni\u0173. Visi m\u016bs\u0173 kepiniai gaminami vietoje. Dirbame dviese. Su meile gamtai, sau ir kitiems.<\/p>\n\n\n\n<figure class=\"wp-block-image size-full is-resized\"><img loading=\"lazy\" decoding=\"async\" width=\"2560\" height=\"1893\" src=\"https:\/\/tikraduona.lt\/wp-content\/uploads\/2025\/03\/IMG_2674-scaled.jpg\" alt=\"\" class=\"wp-image-314\" style=\"width:591px;height:auto\" srcset=\"https:\/\/tikraduona.lt\/wp-content\/uploads\/2025\/03\/IMG_2674-scaled.jpg 2560w, https:\/\/tikraduona.lt\/wp-content\/uploads\/2025\/03\/IMG_2674-300x222.jpg 300w, https:\/\/tikraduona.lt\/wp-content\/uploads\/2025\/03\/IMG_2674-1024x757.jpg 1024w, https:\/\/tikraduona.lt\/wp-content\/uploads\/2025\/03\/IMG_2674-768x568.jpg 768w, https:\/\/tikraduona.lt\/wp-content\/uploads\/2025\/03\/IMG_2674-1536x1136.jpg 1536w, https:\/\/tikraduona.lt\/wp-content\/uploads\/2025\/03\/IMG_2674-2048x1515.jpg 2048w\" sizes=\"auto, (max-width: 2560px) 100vw, 2560px\" \/><\/figure>\n","protected":false},"excerpt":{"rendered":"<p>Apie mus Esame pranc\u016bzi\u0161kai lietuvi\u0161ka \u0161eima pami\u0161usi d\u0117l sveikos, eklogi\u0161kos, tikros duonos ! Savo rankomis pastat\u0117me nam\u0105 ir sum\u016brijome krosn\u012f, jau kelis metus sau ir draugams kepame \u012fvarius skan\u0117stus, dabar dalinam\u0117s ir su jumis! M\u016bs\u0173 filosofija Kepame tikro raugo duon\u0105 tik i\u0161 ekologi\u0161k\u0173 produkt\u0173. Mums reik\u0161mingas visas procesas &#8211; nuo \u017eem\u0117s, kurioje auginami gr\u016bdai iki [&hellip;]<\/p>\n","protected":false},"author":1,"featured_media":9,"parent":0,"menu_order":0,"comment_status":"closed","ping_status":"open","template":"","meta":{"footnotes":""},"class_list":["post-2","page","type-page","status-publish","has-post-thumbnail","hentry"],"_links":{"self":[{"href":"https:\/\/tikraduona.lt\/index.php?rest_route=\/wp\/v2\/pages\/2","targetHints":{"allow":["GET"]}}],"collection":[{"href":"https:\/\/tikraduona.lt\/index.php?rest_route=\/wp\/v2\/pages"}],"about":[{"href":"https:\/\/tikraduona.lt\/index.php?rest_route=\/wp\/v2\/types\/page"}],"author":[{"embeddable":true,"href":"https:\/\/tikraduona.lt\/index.php?rest_route=\/wp\/v2\/users\/1"}],"replies":[{"embeddable":true,"href":"https:\/\/tikraduona.lt\/index.php?rest_route=%2Fwp%2Fv2%2Fcomments&post=2"}],"version-history":[{"count":29,"href":"https:\/\/tikraduona.lt\/index.php?rest_route=\/wp\/v2\/pages\/2\/revisions"}],"predecessor-version":[{"id":323,"href":"https:\/\/tikraduona.lt\/index.php?rest_route=\/wp\/v2\/pages\/2\/revisions\/323"}],"wp:featuredmedia":[{"embeddable":true,"href":"https:\/\/tikraduona.lt\/index.php?rest_route=\/wp\/v2\/media\/9"}],"wp:attachment":[{"href":"https:\/\/tikraduona.lt\/index.php?rest_route=%2Fwp%2Fv2%2Fmedia&parent=2"}],"curies":[{"name":"wp","href":"https:\/\/api.w.org\/{rel}","templated":true}]}}