{"id":194,"date":"2024-04-01T21:35:02","date_gmt":"2024-04-01T19:35:02","guid":{"rendered":"https:\/\/tikraduona.lt\/?page_id=194"},"modified":"2025-12-02T15:51:35","modified_gmt":"2025-12-02T14:51:35","slug":"desertai","status":"publish","type":"page","link":"https:\/\/tikraduona.lt\/?page_id=194","title":{"rendered":"Skan\u0117stai"},"content":{"rendered":"\n<p class=\"has-heading-font-family has-x-large-font-size\" style=\"line-height:1.2\">Granola<\/p>\n\n\n\n<p>Sud\u0117tis i\u0161 ekologi\u0161k\u0173 produkt\u0173: avi\u017e\u0173 dribsniai, medus, kokos\u0173 aliejus, lin\u0173 ir saul\u0117gr\u0105\u017e\u0173 s\u0117klos, d\u017eiovintos razinos arba\/ir spanguol\u0117s. 250 g &#8211; 1 kg.<\/p>\n\n\n\n<figure class=\"wp-block-image size-large\"><img loading=\"lazy\" decoding=\"async\" width=\"1024\" height=\"796\" src=\"https:\/\/tikraduona.lt\/wp-content\/uploads\/2025\/03\/2D4A5881-1024x796.jpg\" alt=\"\" class=\"wp-image-299\" srcset=\"https:\/\/tikraduona.lt\/wp-content\/uploads\/2025\/03\/2D4A5881-1024x796.jpg 1024w, https:\/\/tikraduona.lt\/wp-content\/uploads\/2025\/03\/2D4A5881-300x233.jpg 300w, https:\/\/tikraduona.lt\/wp-content\/uploads\/2025\/03\/2D4A5881-768x597.jpg 768w, https:\/\/tikraduona.lt\/wp-content\/uploads\/2025\/03\/2D4A5881-1536x1194.jpg 1536w, https:\/\/tikraduona.lt\/wp-content\/uploads\/2025\/03\/2D4A5881-2048x1592.jpg 2048w\" sizes=\"auto, (max-width: 1024px) 100vw, 1024px\" \/><\/figure>\n\n\n\n<p><\/p>\n\n\n\n<p class=\"has-x-large-font-size\">Sausainukai &#8211; A\u0161men\u0117l\u0117s ro\u017e\u0117<\/p>\n\n\n\n<p>Sud\u0117tis i\u0161 ekologi\u0161k\u0173 produkt\u0173: migdol\u0173 dribsniai, datuli\u0173 sirupas, kiau\u0161inis, rankomis rinkta druska i\u0161 Pranc\u016bzijos. M\u016bs\u0173 d\u0117\u017eut\u0117 150 g.<\/p>\n\n\n\n<figure class=\"wp-block-gallery has-nested-images columns-default is-cropped wp-block-gallery-1 is-layout-flex wp-block-gallery-is-layout-flex\">\n<figure class=\"wp-block-image size-large\"><img loading=\"lazy\" decoding=\"async\" width=\"1024\" height=\"687\" data-id=\"394\" src=\"https:\/\/tikraduona.lt\/wp-content\/uploads\/2025\/10\/smelio_roze-1024x687.jpg\" alt=\"\" class=\"wp-image-394\" srcset=\"https:\/\/tikraduona.lt\/wp-content\/uploads\/2025\/10\/smelio_roze-1024x687.jpg 1024w, https:\/\/tikraduona.lt\/wp-content\/uploads\/2025\/10\/smelio_roze-300x201.jpg 300w, https:\/\/tikraduona.lt\/wp-content\/uploads\/2025\/10\/smelio_roze-768x515.jpg 768w, https:\/\/tikraduona.lt\/wp-content\/uploads\/2025\/10\/smelio_roze.jpg 1417w\" sizes=\"auto, (max-width: 1024px) 100vw, 1024px\" \/><\/figure>\n<\/figure>\n\n\n\n<p><\/p>\n\n\n\n<p class=\"has-x-large-font-size\">Sausainukai citrinukai<\/p>\n\n\n\n<p>Sud\u0117tis i\u0161 ekologi\u0161k\u0173 produkt\u0173: kvietiniai miltai, sviestas, cukrus, citrinos, skrudinti grikiai. 200 g.<\/p>\n\n\n\n<figure class=\"wp-block-image size-large\"><img loading=\"lazy\" decoding=\"async\" width=\"1024\" height=\"780\" src=\"https:\/\/tikraduona.lt\/wp-content\/uploads\/2025\/03\/IMG_7212-1024x780.jpg\" alt=\"\" class=\"wp-image-302\" srcset=\"https:\/\/tikraduona.lt\/wp-content\/uploads\/2025\/03\/IMG_7212-1024x780.jpg 1024w, https:\/\/tikraduona.lt\/wp-content\/uploads\/2025\/03\/IMG_7212-300x229.jpg 300w, https:\/\/tikraduona.lt\/wp-content\/uploads\/2025\/03\/IMG_7212-768x585.jpg 768w, https:\/\/tikraduona.lt\/wp-content\/uploads\/2025\/03\/IMG_7212-1536x1170.jpg 1536w, https:\/\/tikraduona.lt\/wp-content\/uploads\/2025\/03\/IMG_7212-2048x1560.jpg 2048w\" sizes=\"auto, (max-width: 1024px) 100vw, 1024px\" \/><\/figure>\n\n\n\n<p><\/p>\n\n\n\n<p class=\"has-x-large-font-size\">Sausainukai kakaviniai<\/p>\n\n\n\n<p>Sud\u0117tis i\u0161 ekologi\u0161k\u0173 produkt\u0173: kvietiniai miltai, sviestas, cukrus, kakava, skrudinti grikiai. 200 g.<\/p>\n\n\n\n<figure class=\"wp-block-image size-large\"><img loading=\"lazy\" decoding=\"async\" width=\"1024\" height=\"810\" src=\"https:\/\/tikraduona.lt\/wp-content\/uploads\/2025\/03\/2D4A5852-1024x810.jpg\" alt=\"\" class=\"wp-image-304\" srcset=\"https:\/\/tikraduona.lt\/wp-content\/uploads\/2025\/03\/2D4A5852-1024x810.jpg 1024w, https:\/\/tikraduona.lt\/wp-content\/uploads\/2025\/03\/2D4A5852-300x237.jpg 300w, https:\/\/tikraduona.lt\/wp-content\/uploads\/2025\/03\/2D4A5852-768x607.jpg 768w, https:\/\/tikraduona.lt\/wp-content\/uploads\/2025\/03\/2D4A5852-1536x1215.jpg 1536w, https:\/\/tikraduona.lt\/wp-content\/uploads\/2025\/03\/2D4A5852-2048x1620.jpg 2048w\" sizes=\"auto, (max-width: 1024px) 100vw, 1024px\" \/><\/figure>\n\n\n\n<p><\/p>\n\n\n\n<p class=\"has-x-large-font-size\">Sausain\u0117liai avi\u017einukai<\/p>\n\n\n\n<p>Sud\u0117tis i\u0161 ekologi\u0161k\u0173 produkt\u0173: kvietiniai miltai, sviestas, cukrus, avi\u017einiai dribsniai, kiau\u0161inis. 250 g.<\/p>\n\n\n\n<figure class=\"wp-block-image size-large\"><img loading=\"lazy\" decoding=\"async\" width=\"1024\" height=\"683\" src=\"https:\/\/tikraduona.lt\/wp-content\/uploads\/2025\/03\/IMG_7097-1024x683.jpg\" alt=\"\" class=\"wp-image-293\" srcset=\"https:\/\/tikraduona.lt\/wp-content\/uploads\/2025\/03\/IMG_7097-1024x683.jpg 1024w, https:\/\/tikraduona.lt\/wp-content\/uploads\/2025\/03\/IMG_7097-300x200.jpg 300w, https:\/\/tikraduona.lt\/wp-content\/uploads\/2025\/03\/IMG_7097-768x513.jpg 768w, https:\/\/tikraduona.lt\/wp-content\/uploads\/2025\/03\/IMG_7097-1536x1025.jpg 1536w, https:\/\/tikraduona.lt\/wp-content\/uploads\/2025\/03\/IMG_7097-2048x1367.jpg 2048w\" sizes=\"auto, (max-width: 1024px) 100vw, 1024px\" \/><\/figure>\n\n\n\n<p><\/p>\n\n\n\n<p class=\"has-x-large-font-size\">Brio\u0161as<\/p>\n\n\n\n<p>Sud\u0117tis i\u0161 ekologi\u0161k\u0173 produkt\u0173: kvietiniai miltai, sviestas, cukrus, druska, miel\u0117s, apelsin\u0173 \u017eiedlapi\u0173 prieskonis, kiau\u0161inis, pienas. Kepaliukus si\u016blome po 300 g.<\/p>\n\n\n\n<figure class=\"wp-block-image size-large\"><img loading=\"lazy\" decoding=\"async\" width=\"677\" height=\"1024\" src=\"https:\/\/tikraduona.lt\/wp-content\/uploads\/2025\/05\/2D4A8964-677x1024.jpg\" alt=\"\" class=\"wp-image-361\" srcset=\"https:\/\/tikraduona.lt\/wp-content\/uploads\/2025\/05\/2D4A8964-677x1024.jpg 677w, https:\/\/tikraduona.lt\/wp-content\/uploads\/2025\/05\/2D4A8964-198x300.jpg 198w, https:\/\/tikraduona.lt\/wp-content\/uploads\/2025\/05\/2D4A8964-768x1161.jpg 768w, https:\/\/tikraduona.lt\/wp-content\/uploads\/2025\/05\/2D4A8964-1016x1536.jpg 1016w, https:\/\/tikraduona.lt\/wp-content\/uploads\/2025\/05\/2D4A8964-1355x2048.jpg 1355w, https:\/\/tikraduona.lt\/wp-content\/uploads\/2025\/05\/2D4A8964-scaled.jpg 1694w\" sizes=\"auto, (max-width: 677px) 100vw, 677px\" \/><\/figure>\n\n\n\n<p><\/p>\n\n\n\n<p class=\"has-x-large-font-size\">Brio\u0161as su razinomis<\/p>\n\n\n\n<p>Sud\u0117tis i\u0161 ekologi\u0161k\u0173 produkt\u0173: kvietiniai miltai, sviestas, cukrus, druska, miel\u0117s, apelsin\u0173 \u017eiedlapi\u0173 prieskonis, kiau\u0161inis, pienas, d\u017eiovintos razinos. Kepaliukus si\u016blome po 300 g.<\/p>\n\n\n\n<figure class=\"wp-block-image size-large\"><img loading=\"lazy\" decoding=\"async\" width=\"1024\" height=\"799\" src=\"https:\/\/tikraduona.lt\/wp-content\/uploads\/2025\/11\/IMG_4965-1024x799.jpg\" alt=\"\" class=\"wp-image-412\" srcset=\"https:\/\/tikraduona.lt\/wp-content\/uploads\/2025\/11\/IMG_4965-1024x799.jpg 1024w, https:\/\/tikraduona.lt\/wp-content\/uploads\/2025\/11\/IMG_4965-300x234.jpg 300w, https:\/\/tikraduona.lt\/wp-content\/uploads\/2025\/11\/IMG_4965-768x600.jpg 768w, https:\/\/tikraduona.lt\/wp-content\/uploads\/2025\/11\/IMG_4965-1536x1199.jpg 1536w, https:\/\/tikraduona.lt\/wp-content\/uploads\/2025\/11\/IMG_4965.jpg 1701w\" sizes=\"auto, (max-width: 1024px) 100vw, 1024px\" \/><\/figure>\n\n\n\n<p class=\"has-x-large-font-size\">K\u016b\u010diukai<\/p>\n\n\n\n<p>Sud\u0117tis i\u0161 ekologi\u0161k\u0173 produkt\u0173: kvietiniai miltai, cukrus, raugas, alyvuogi\u0173 aliejus, aguon\u0173 s\u0117klos. Sezonin\u0117 prek\u0117 &#8211; kepame tik gruod\u017eio m\u0117n. Kal\u0117diniu laikotarpiu. Si\u016blome mai\u0161elius po 300 g.<\/p>\n\n\n\n<figure class=\"wp-block-image size-large\"><img loading=\"lazy\" decoding=\"async\" width=\"1024\" height=\"660\" src=\"https:\/\/tikraduona.lt\/wp-content\/uploads\/2025\/12\/IMG_0821-1024x660.jpg\" alt=\"\" class=\"wp-image-423\" srcset=\"https:\/\/tikraduona.lt\/wp-content\/uploads\/2025\/12\/IMG_0821-1024x660.jpg 1024w, https:\/\/tikraduona.lt\/wp-content\/uploads\/2025\/12\/IMG_0821-300x193.jpg 300w, https:\/\/tikraduona.lt\/wp-content\/uploads\/2025\/12\/IMG_0821-768x495.jpg 768w, https:\/\/tikraduona.lt\/wp-content\/uploads\/2025\/12\/IMG_0821-1536x990.jpg 1536w, https:\/\/tikraduona.lt\/wp-content\/uploads\/2025\/12\/IMG_0821-2048x1320.jpg 2048w\" sizes=\"auto, (max-width: 1024px) 100vw, 1024px\" \/><\/figure>\n","protected":false},"excerpt":{"rendered":"<p>Granola Sud\u0117tis i\u0161 ekologi\u0161k\u0173 produkt\u0173: avi\u017e\u0173 dribsniai, medus, kokos\u0173 aliejus, lin\u0173 ir saul\u0117gr\u0105\u017e\u0173 s\u0117klos, d\u017eiovintos razinos arba\/ir spanguol\u0117s. 250 g &#8211; 1 kg. Sausainukai &#8211; A\u0161men\u0117l\u0117s ro\u017e\u0117 Sud\u0117tis i\u0161 ekologi\u0161k\u0173 produkt\u0173: migdol\u0173 dribsniai, datuli\u0173 sirupas, kiau\u0161inis, rankomis rinkta druska i\u0161 Pranc\u016bzijos. M\u016bs\u0173 d\u0117\u017eut\u0117 150 g. Sausainukai citrinukai Sud\u0117tis i\u0161 ekologi\u0161k\u0173 produkt\u0173: kvietiniai miltai, sviestas, cukrus, [&hellip;]<\/p>\n","protected":false},"author":1,"featured_media":0,"parent":0,"menu_order":0,"comment_status":"closed","ping_status":"closed","template":"","meta":{"footnotes":""},"class_list":["post-194","page","type-page","status-publish","hentry"],"_links":{"self":[{"href":"https:\/\/tikraduona.lt\/index.php?rest_route=\/wp\/v2\/pages\/194","targetHints":{"allow":["GET"]}}],"collection":[{"href":"https:\/\/tikraduona.lt\/index.php?rest_route=\/wp\/v2\/pages"}],"about":[{"href":"https:\/\/tikraduona.lt\/index.php?rest_route=\/wp\/v2\/types\/page"}],"author":[{"embeddable":true,"href":"https:\/\/tikraduona.lt\/index.php?rest_route=\/wp\/v2\/users\/1"}],"replies":[{"embeddable":true,"href":"https:\/\/tikraduona.lt\/index.php?rest_route=%2Fwp%2Fv2%2Fcomments&post=194"}],"version-history":[{"count":21,"href":"https:\/\/tikraduona.lt\/index.php?rest_route=\/wp\/v2\/pages\/194\/revisions"}],"predecessor-version":[{"id":426,"href":"https:\/\/tikraduona.lt\/index.php?rest_route=\/wp\/v2\/pages\/194\/revisions\/426"}],"wp:attachment":[{"href":"https:\/\/tikraduona.lt\/index.php?rest_route=%2Fwp%2Fv2%2Fmedia&parent=194"}],"curies":[{"name":"wp","href":"https:\/\/api.w.org\/{rel}","templated":true}]}}